{"id":1187,"date":"2017-05-04T21:46:27","date_gmt":"2017-05-04T21:46:27","guid":{"rendered":"http:\/\/tonobarreiro.com\/?page_id=1187"},"modified":"2022-03-30T20:42:32","modified_gmt":"2022-03-30T20:42:32","slug":"catalogos","status":"publish","type":"page","link":"https:\/\/tonobarreiro.com\/es\/publicaciones\/catalogos\/","title":{"rendered":"CAT\u00c1LOGOS"},"content":{"rendered":"<p><div class=\"fusion-fullwidth fullwidth-box fusion-builder-row-1 hundred-percent-fullwidth non-hundred-percent-height-scrolling\" style=\"--awb-background-position:left top;--awb-border-radius-top-left:0px;--awb-border-radius-top-right:0px;--awb-border-radius-bottom-right:0px;--awb-border-radius-bottom-left:0px;--awb-padding-right:30px;--awb-padding-left:20px;--awb-border-sizes-top:0px;--awb-border-sizes-bottom:0px;--awb-flex-wrap:wrap;\" ><div class=\"fusion-builder-row fusion-row\"><div class=\"fusion-layout-column fusion_builder_column fusion-builder-column-0 fusion_builder_column_1_1 1_1 fusion-one-full fusion-column-first fusion-column-last fusion-column-no-min-height\" style=\"--awb-bg-size:cover;--awb-margin-bottom:0px;\"><div class=\"fusion-column-wrapper fusion-flex-column-wrapper-legacy\"><div class=\"fusion-title title fusion-title-1 fusion-title-text fusion-title-size-two\"><h2 class=\"fusion-title-heading title-heading-left\" style=\"margin:0;\"><h2>CAT\u00c1LOGOS<\/h2><\/h2><span class=\"awb-title-spacer\"><\/span><div class=\"title-sep-container\"><div class=\"title-sep sep-single sep-dotted\" style=\"border-color:#e0dede;\"><\/div><\/div><\/div><div class=\"fusion-clearfix\"><\/div><\/div><\/div><\/div><\/div><div class=\"fusion-fullwidth fullwidth-box fusion-builder-row-2 hundred-percent-fullwidth non-hundred-percent-height-scrolling\" style=\"--awb-border-radius-top-left:0px;--awb-border-radius-top-right:0px;--awb-border-radius-bottom-right:0px;--awb-border-radius-bottom-left:0px;--awb-overflow:visible;--awb-padding-right:30px;--awb-padding-left:30px;--awb-flex-wrap:wrap;\" ><div class=\"fusion-builder-row fusion-row\"><div class=\"fusion-layout-column fusion_builder_column fusion-builder-column-1 fusion_builder_column_3_4 3_4 fusion-three-fourth fusion-column-first\" style=\"--awb-bg-size:cover;width:74%; margin-right: 4%;\"><div class=\"fusion-column-wrapper fusion-flex-column-wrapper-legacy\"><div class=\"fusion-clearfix\"><\/div><\/div><\/div><div class=\"fusion-layout-column fusion_builder_column fusion-builder-column-2 fusion_builder_column_1_4 1_4 fusion-one-fourth fusion-column-last\" style=\"--awb-bg-size:cover;--awb-margin-top:20px;--awb-margin-bottom:15px;width:22%;\"><div class=\"fusion-column-wrapper fusion-flex-column-wrapper-legacy\"><div class=\"fusion-sharing-box fusion-sharing-box-1 has-taglines layout-floated layout-medium-floated layout-small-floated\" style=\"background-color:#ffffff;--awb-layout:row;--awb-alignment-small:space-between;\" data-title=\"CATALLOGUES\" data-description=\"CATALLOGUES     Galer\u00eda Shiras. Individual. Valencia. 2019  Galer\u00eda May Mor\u00e9. Individual. Madrid. 2008  Project room. Arte Lisboa. 2008\" data-link=\"https:\/\/tonobarreiro.com\/es\/publicaciones\/catalogos\/\"><h4 class=\"tagline\" style=\"color:#bebdbd;\"> <\/h4><div class=\"fusion-social-networks sharingbox-shortcode-icon-wrapper sharingbox-shortcode-icon-wrapper-1\"><span><a href=\"https:\/\/www.facebook.com\/sharer.php?u=https%3A%2F%2Ftonobarreiro.com%2Fes%2Fpublicaciones%2Fcatalogos%2F&amp;t=CATALLOGUES\" target=\"_blank\" rel=\"noreferrer\" title=\"Facebook\" aria-label=\"Facebook\" data-placement=\"right\" data-toggle=\"tooltip\" data-title=\"Facebook\"><i class=\"fusion-social-network-icon fusion-tooltip fusion-facebook awb-icon-facebook\" style=\"color:#a5a5a5;\" aria-hidden=\"true\"><\/i><\/a><\/span><span><a href=\"https:\/\/x.com\/intent\/post?text=CATALLOGUES&amp;url=https%3A%2F%2Ftonobarreiro.com%2Fes%2Fpublicaciones%2Fcatalogos%2F\" target=\"_blank\" rel=\"noopener noreferrer\" title=\"X\" aria-label=\"X\" data-placement=\"right\" data-toggle=\"tooltip\" data-title=\"X\"><i class=\"fusion-social-network-icon fusion-tooltip fusion-twitter awb-icon-twitter\" style=\"color:#a5a5a5;\" aria-hidden=\"true\"><\/i><\/a><\/span><span><a href=\"https:\/\/www.linkedin.com\/shareArticle?mini=true&amp;url=https%3A%2F%2Ftonobarreiro.com%2Fes%2Fpublicaciones%2Fcatalogos%2F&amp;title=CATALLOGUES&amp;summary=CATALLOGUES%20%20%20%20%20%20%20%20%20Galer%C3%ADa%20Shiras.%20Individual.%20Valencia.%202019%20%20%0D%0A%0D%0A%20%20Galer%C3%ADa%20May%20Mor%C3%A9.%20Individual.%20Madrid.%202008%20%20%0D%0A%0D%0A%20%20Project%20room.%20Arte%20Lisboa.%202008\" target=\"_blank\" rel=\"noopener noreferrer\" title=\"LinkedIn\" aria-label=\"LinkedIn\" data-placement=\"right\" data-toggle=\"tooltip\" data-title=\"LinkedIn\"><i class=\"fusion-social-network-icon fusion-tooltip fusion-linkedin awb-icon-linkedin\" style=\"color:#a5a5a5;\" aria-hidden=\"true\"><\/i><\/a><\/span><span><a href=\"https:\/\/pinterest.com\/pin\/create\/button\/?url=https%3A%2F%2Ftonobarreiro.com%2Fes%2Fpublicaciones%2Fcatalogos%2F&amp;description=CATALLOGUES%20%20%20%20%20%20%20%20%20Galer%C3%ADa%20Shiras.%20Individual.%20Valencia.%202019%20%20%0D%0A%0D%0A%20%20Galer%C3%ADa%20May%20Mor%C3%A9.%20Individual.%20Madrid.%202008%20%20%0D%0A%0D%0A%20%20Project%20room.%20Arte%20Lisboa.%202008&amp;media=\" target=\"_blank\" rel=\"noopener noreferrer\" title=\"Pinterest\" aria-label=\"Pinterest\" data-placement=\"right\" data-toggle=\"tooltip\" data-title=\"Pinterest\"><i class=\"fusion-social-network-icon fusion-tooltip fusion-pinterest awb-icon-pinterest\" style=\"color:#a5a5a5;\" aria-hidden=\"true\"><\/i><\/a><\/span><span><a href=\"mailto:?subject=CATALLOGUES&amp;body=https%3A%2F%2Ftonobarreiro.com%2Fes%2Fpublicaciones%2Fcatalogos%2F\" target=\"_self\" title=\"Email\" aria-label=\"Email\" data-placement=\"right\" data-toggle=\"tooltip\" data-title=\"Email\"><i class=\"fusion-social-network-icon fusion-tooltip fusion-mail awb-icon-mail\" style=\"color:#a5a5a5;\" aria-hidden=\"true\"><\/i><\/a><\/span><\/div><\/div><div class=\"fusion-clearfix\"><\/div><\/div><\/div><\/div><\/div><div class=\"fusion-fullwidth fullwidth-box fusion-builder-row-3 hundred-percent-fullwidth non-hundred-percent-height-scrolling\" style=\"--awb-background-position:left top;--awb-border-radius-top-left:0px;--awb-border-radius-top-right:0px;--awb-border-radius-bottom-right:0px;--awb-border-radius-bottom-left:0px;--awb-padding-top:10px;--awb-padding-right:30px;--awb-padding-bottom:20px;--awb-padding-left:30px;--awb-border-sizes-top:0px;--awb-border-sizes-bottom:0px;--awb-flex-wrap:wrap;\" ><div class=\"fusion-builder-row fusion-row\"><div class=\"fusion-layout-column fusion_builder_column fusion-builder-column-3 fusion_builder_column_1_2 1_2 fusion-one-half fusion-column-first\" style=\"--awb-bg-size:cover;width:48%; margin-right: 4%;\"><div class=\"fusion-column-wrapper fusion-flex-column-wrapper-legacy\"><div class=\"fusion-title title fusion-title-2 fusion-title-text fusion-title-size-two\"><div class=\"title-sep-container\"><div class=\"title-sep sep-single sep-solid\" style=\"border-color:#e0dede;\"><\/div><\/div><span class=\"awb-title-spacer\"><\/span><h2 class=\"fusion-title-heading title-heading-right\" style=\"margin:0;\">Galer\u00eda Shiras. Individual. Valencia. 2019<\/h2><\/div><div class=\"fusion-sep-clear\"><\/div><div class=\"fusion-separator fusion-full-width-sep\" style=\"margin-left: auto;margin-right: auto;margin-top:31px;margin-bottom:0px;width:100%;\"><\/div><div class=\"fusion-sep-clear\"><\/div><div class=\"fusion-text fusion-text-1\"><div class=\"issuuembed\" style=\"width: 100%; height: 300px;\" data-configid=\"14795106\/70207100\"><\/div>\n<p><script type=\"text\/javascript\" src=\"\/\/e.issuu.com\/embed.js\" async=\"true\"><\/script><\/p>\n<\/div><div class=\"fusion-clearfix\"><\/div><\/div><\/div><div class=\"fusion-layout-column fusion_builder_column fusion-builder-column-4 fusion_builder_column_1_2 1_2 fusion-one-half fusion-column-last\" style=\"--awb-bg-size:cover;width:48%;\"><div class=\"fusion-column-wrapper fusion-flex-column-wrapper-legacy\"><div class=\"fusion-title title fusion-title-3 fusion-title-text fusion-title-size-two\"><div class=\"title-sep-container\"><div class=\"title-sep sep-single sep-solid\" style=\"border-color:#e0dede;\"><\/div><\/div><span class=\"awb-title-spacer\"><\/span><h2 class=\"fusion-title-heading title-heading-right\" style=\"margin:0;\">Galer\u00eda May Mor\u00e9. Individual. Madrid. 2008<\/h2><\/div><div class=\"fusion-sep-clear\"><\/div><div class=\"fusion-separator fusion-full-width-sep\" style=\"margin-left: auto;margin-right: auto;margin-top:31px;margin-bottom:0px;width:100%;\"><\/div><div class=\"fusion-sep-clear\"><\/div><div class=\"fusion-text fusion-text-2\"><div class=\"issuuembed\" style=\"width: 100%; height: 300px;\" data-configid=\"14795106\/50376607\"><\/div>\n<p><script type=\"text\/javascript\" src=\"\/\/e.issuu.com\/embed.js\" async=\"true\"><\/script><\/p>\n<\/div><div class=\"fusion-clearfix\"><\/div><\/div><\/div><div class=\"fusion-layout-column fusion_builder_column fusion-builder-column-5 fusion_builder_column_1_2 1_2 fusion-one-half fusion-column-first\" style=\"--awb-bg-size:cover;width:48%; margin-right: 4%;\"><div class=\"fusion-column-wrapper fusion-flex-column-wrapper-legacy\"><div class=\"fusion-title title fusion-title-4 fusion-title-text fusion-title-size-two\"><div class=\"title-sep-container\"><div class=\"title-sep sep-single sep-solid\" style=\"border-color:#e0dede;\"><\/div><\/div><span class=\"awb-title-spacer\"><\/span><h2 class=\"fusion-title-heading title-heading-right\" style=\"margin:0;\">Project room. Arte Lisboa. 2008<\/h2><\/div><div class=\"fusion-sep-clear\"><\/div><div class=\"fusion-separator fusion-full-width-sep\" style=\"margin-left: auto;margin-right: auto;margin-top:31px;margin-bottom:0px;width:100%;\"><\/div><div class=\"fusion-sep-clear\"><\/div><div class=\"fusion-text fusion-text-3\"><div class=\"issuuembed\" style=\"width: 100%; height: 300px;\" data-configid=\"14795106\/50376176\"><\/div>\n<p><script type=\"text\/javascript\" src=\"\/\/e.issuu.com\/embed.js\" async=\"true\"><\/script><\/p>\n<\/div><div class=\"fusion-clearfix\"><\/div><\/div><\/div><div class=\"fusion-layout-column fusion_builder_column fusion-builder-column-6 fusion_builder_column_1_2 1_2 fusion-one-half fusion-column-last\" style=\"--awb-bg-size:cover;width:48%;\"><div class=\"fusion-column-wrapper fusion-flex-column-wrapper-legacy\"><div class=\"fusion-title title fusion-title-5 fusion-title-text fusion-title-size-two\"><div class=\"title-sep-container\"><div class=\"title-sep sep-single sep-solid\" style=\"border-color:#e0dede;\"><\/div><\/div><span class=\"awb-title-spacer\"><\/span><h2 class=\"fusion-title-heading title-heading-right\" style=\"margin:0;\">Galeria Casaborne. Individual. Antequera. M\u00e1laga. 2007<\/h2><\/div><div class=\"fusion-sep-clear\"><\/div><div class=\"fusion-separator fusion-full-width-sep\" style=\"margin-left: auto;margin-right: auto;margin-top:31px;margin-bottom:0px;width:100%;\"><\/div><div class=\"fusion-sep-clear\"><\/div><div class=\"fusion-text fusion-text-4\"><div class=\"issuuembed\" style=\"width: 100%; height: 300px;\" data-configid=\"14795106\/50376659\"><\/div>\n<p><script type=\"text\/javascript\" src=\"\/\/e.issuu.com\/embed.js\" async=\"true\"><\/script><\/p>\n<\/div><div class=\"fusion-clearfix\"><\/div><\/div><\/div><div class=\"fusion-layout-column fusion_builder_column fusion-builder-column-7 fusion_builder_column_1_2 1_2 fusion-one-half fusion-column-first\" style=\"--awb-bg-size:cover;width:48%; margin-right: 4%;\"><div class=\"fusion-column-wrapper fusion-flex-column-wrapper-legacy\"><div class=\"fusion-title title fusion-title-6 fusion-title-text fusion-title-size-two\"><div class=\"title-sep-container\"><div class=\"title-sep sep-single sep-solid\" style=\"border-color:#e0dede;\"><\/div><\/div><span class=\"awb-title-spacer\"><\/span><h2 class=\"fusion-title-heading title-heading-right\" style=\"margin:0;\">Pabell\u00f3n de Mixtos. Individual. Pamplona. 2007<\/h2><\/div><div class=\"fusion-sep-clear\"><\/div><div class=\"fusion-separator fusion-full-width-sep\" style=\"margin-left: auto;margin-right: auto;margin-top:31px;margin-bottom:0px;width:100%;\"><\/div><div class=\"fusion-sep-clear\"><\/div><div class=\"fusion-text fusion-text-5\"><div class=\"issuuembed\" style=\"width: 100%; height: 300px;\" data-configid=\"14795106\/50376688\"><\/div>\n<p><script type=\"text\/javascript\" src=\"\/\/e.issuu.com\/embed.js\" async=\"true\"><\/script><\/p>\n<\/div><div class=\"fusion-clearfix\"><\/div><\/div><\/div><div class=\"fusion-layout-column fusion_builder_column fusion-builder-column-8 fusion_builder_column_1_2 1_2 fusion-one-half fusion-column-last\" style=\"--awb-bg-size:cover;width:48%;\"><div class=\"fusion-column-wrapper fusion-flex-column-wrapper-legacy\"><div class=\"fusion-title title fusion-title-7 fusion-title-text fusion-title-size-two\"><div class=\"title-sep-container\"><div class=\"title-sep sep-single sep-solid\" style=\"border-color:#e0dede;\"><\/div><\/div><span class=\"awb-title-spacer\"><\/span><h2 class=\"fusion-title-heading title-heading-right\" style=\"margin:0;\">Luis Adelantado. Individual. Valencia. 2003<\/h2><\/div><div class=\"fusion-sep-clear\"><\/div><div class=\"fusion-separator fusion-full-width-sep\" style=\"margin-left: auto;margin-right: auto;margin-top:31px;margin-bottom:0px;width:100%;\"><\/div><div class=\"fusion-sep-clear\"><\/div><div class=\"fusion-text fusion-text-6\"><div class=\"issuuembed\" style=\"width: 100%; height: 300px;\" data-configid=\"14795106\/50376706\"><\/div>\n<p><script type=\"text\/javascript\" src=\"\/\/e.issuu.com\/embed.js\" async=\"true\"><\/script><\/p>\n<\/div><div class=\"fusion-clearfix\"><\/div><\/div><\/div><div class=\"fusion-layout-column fusion_builder_column fusion-builder-column-9 fusion_builder_column_1_2 1_2 fusion-one-half fusion-column-first\" style=\"--awb-bg-size:cover;width:48%; margin-right: 4%;\"><div class=\"fusion-column-wrapper fusion-flex-column-wrapper-legacy\"><div class=\"fusion-title title fusion-title-8 fusion-title-text fusion-title-size-two\"><div class=\"title-sep-container\"><div class=\"title-sep sep-single sep-solid\" style=\"border-color:#e0dede;\"><\/div><\/div><span class=\"awb-title-spacer\"><\/span><h2 class=\"fusion-title-heading title-heading-right\" style=\"margin:0;\">Dosier de taller y procesos. 2016<\/h2><\/div><div class=\"fusion-sep-clear\"><\/div><div class=\"fusion-separator fusion-full-width-sep\" style=\"margin-left: auto;margin-right: auto;margin-top:31px;margin-bottom:0px;width:100%;\"><\/div><div class=\"fusion-sep-clear\"><\/div><div class=\"fusion-text fusion-text-7\"><div class=\"issuuembed\" style=\"width: 100%; height: 300px;\" data-configid=\"14795106\/49646341\"><\/div>\n<p><script type=\"text\/javascript\" src=\"\/\/e.issuu.com\/embed.js\" async=\"true\"><\/script><\/p>\n<\/div><div class=\"fusion-clearfix\"><\/div><\/div><\/div><\/div><\/div><\/p>","protected":false},"excerpt":{"rendered":"","protected":false},"author":1,"featured_media":0,"parent":1005,"menu_order":0,"comment_status":"closed","ping_status":"closed","template":"100-width.php","meta":{"footnotes":""},"class_list":["post-1187","page","type-page","status-publish","hentry"],"yoast_head":"<!-- This site is optimized with the Yoast SEO plugin v27.3 - https:\/\/yoast.com\/product\/yoast-seo-wordpress\/ -->\n<title>CATALLOGUES - To\u00f1o Barreiro<\/title>\n<meta name=\"robots\" content=\"index, follow, max-snippet:-1, max-image-preview:large, max-video-preview:-1\" \/>\n<link rel=\"canonical\" href=\"https:\/\/tonobarreiro.com\/es\/publicaciones\/catalogos\/\" \/>\n<meta property=\"og:locale\" content=\"es_ES\" \/>\n<meta property=\"og:type\" content=\"article\" \/>\n<meta property=\"og:title\" content=\"CATALLOGUES - To\u00f1o Barreiro\" \/>\n<meta property=\"og:url\" content=\"https:\/\/tonobarreiro.com\/es\/publicaciones\/catalogos\/\" \/>\n<meta property=\"og:site_name\" content=\"To\u00f1o Barreiro\" \/>\n<meta property=\"article:modified_time\" content=\"2022-03-30T20:42:32+00:00\" \/>\n<meta name=\"twitter:card\" content=\"summary_large_image\" \/>\n<meta name=\"twitter:label1\" content=\"Tiempo de lectura\" \/>\n\t<meta name=\"twitter:data1\" content=\"6 minutos\" \/>\n<script type=\"application\/ld+json\" class=\"yoast-schema-graph\">{\"@context\":\"https:\\\/\\\/schema.org\",\"@graph\":[{\"@type\":\"WebPage\",\"@id\":\"https:\\\/\\\/tonobarreiro.com\\\/publicaciones\\\/catalogos\\\/\",\"url\":\"https:\\\/\\\/tonobarreiro.com\\\/publicaciones\\\/catalogos\\\/\",\"name\":\"CATALLOGUES - To\u00f1o Barreiro\",\"isPartOf\":{\"@id\":\"https:\\\/\\\/tonobarreiro.com\\\/#website\"},\"datePublished\":\"2017-05-04T21:46:27+00:00\",\"dateModified\":\"2022-03-30T20:42:32+00:00\",\"breadcrumb\":{\"@id\":\"https:\\\/\\\/tonobarreiro.com\\\/publicaciones\\\/catalogos\\\/#breadcrumb\"},\"inLanguage\":\"es\",\"potentialAction\":[{\"@type\":\"ReadAction\",\"target\":[\"https:\\\/\\\/tonobarreiro.com\\\/publicaciones\\\/catalogos\\\/\"]}]},{\"@type\":\"BreadcrumbList\",\"@id\":\"https:\\\/\\\/tonobarreiro.com\\\/publicaciones\\\/catalogos\\\/#breadcrumb\",\"itemListElement\":[{\"@type\":\"ListItem\",\"position\":1,\"name\":\"Portada\",\"item\":\"https:\\\/\\\/tonobarreiro.com\\\/\"},{\"@type\":\"ListItem\",\"position\":2,\"name\":\"\u00b7 PUBLICATIONS\",\"item\":\"https:\\\/\\\/tonobarreiro.com\\\/publicaciones\\\/\"},{\"@type\":\"ListItem\",\"position\":3,\"name\":\"CATALLOGUES\"}]},{\"@type\":\"WebSite\",\"@id\":\"https:\\\/\\\/tonobarreiro.com\\\/#website\",\"url\":\"https:\\\/\\\/tonobarreiro.com\\\/\",\"name\":\"To\u00f1o Barreiro\",\"description\":\"Web de arte de To\u00f1o Barreiro\",\"publisher\":{\"@id\":\"https:\\\/\\\/tonobarreiro.com\\\/#\\\/schema\\\/person\\\/2a9518ed3a88b3187edafa357d5eadf9\"},\"potentialAction\":[{\"@type\":\"SearchAction\",\"target\":{\"@type\":\"EntryPoint\",\"urlTemplate\":\"https:\\\/\\\/tonobarreiro.com\\\/?s={search_term_string}\"},\"query-input\":{\"@type\":\"PropertyValueSpecification\",\"valueRequired\":true,\"valueName\":\"search_term_string\"}}],\"inLanguage\":\"es\"},{\"@type\":[\"Person\",\"Organization\"],\"@id\":\"https:\\\/\\\/tonobarreiro.com\\\/#\\\/schema\\\/person\\\/2a9518ed3a88b3187edafa357d5eadf9\",\"name\":\"admin2595\",\"image\":{\"@type\":\"ImageObject\",\"inLanguage\":\"es\",\"@id\":\"https:\\\/\\\/tonobarreiro.com\\\/wp-content\\\/uploads\\\/2021\\\/02\\\/Foto-oficial-inauguraci.jpg\",\"url\":\"https:\\\/\\\/tonobarreiro.com\\\/wp-content\\\/uploads\\\/2021\\\/02\\\/Foto-oficial-inauguraci.jpg\",\"contentUrl\":\"https:\\\/\\\/tonobarreiro.com\\\/wp-content\\\/uploads\\\/2021\\\/02\\\/Foto-oficial-inauguraci.jpg\",\"width\":1200,\"height\":1200,\"caption\":\"admin2595\"},\"logo\":{\"@id\":\"https:\\\/\\\/tonobarreiro.com\\\/wp-content\\\/uploads\\\/2021\\\/02\\\/Foto-oficial-inauguraci.jpg\"}}]}<\/script>\n<!-- \/ Yoast SEO plugin. -->","yoast_head_json":{"title":"CATALLOGUES - To\u00f1o Barreiro","robots":{"index":"index","follow":"follow","max-snippet":"max-snippet:-1","max-image-preview":"max-image-preview:large","max-video-preview":"max-video-preview:-1"},"canonical":"https:\/\/tonobarreiro.com\/es\/publicaciones\/catalogos\/","og_locale":"es_ES","og_type":"article","og_title":"CATALLOGUES - To\u00f1o Barreiro","og_url":"https:\/\/tonobarreiro.com\/es\/publicaciones\/catalogos\/","og_site_name":"To\u00f1o Barreiro","article_modified_time":"2022-03-30T20:42:32+00:00","twitter_card":"summary_large_image","twitter_misc":{"Tiempo de lectura":"6 minutos"},"schema":{"@context":"https:\/\/schema.org","@graph":[{"@type":"WebPage","@id":"https:\/\/tonobarreiro.com\/publicaciones\/catalogos\/","url":"https:\/\/tonobarreiro.com\/publicaciones\/catalogos\/","name":"CATALLOGUES - To\u00f1o Barreiro","isPartOf":{"@id":"https:\/\/tonobarreiro.com\/#website"},"datePublished":"2017-05-04T21:46:27+00:00","dateModified":"2022-03-30T20:42:32+00:00","breadcrumb":{"@id":"https:\/\/tonobarreiro.com\/publicaciones\/catalogos\/#breadcrumb"},"inLanguage":"es","potentialAction":[{"@type":"ReadAction","target":["https:\/\/tonobarreiro.com\/publicaciones\/catalogos\/"]}]},{"@type":"BreadcrumbList","@id":"https:\/\/tonobarreiro.com\/publicaciones\/catalogos\/#breadcrumb","itemListElement":[{"@type":"ListItem","position":1,"name":"Portada","item":"https:\/\/tonobarreiro.com\/"},{"@type":"ListItem","position":2,"name":"\u00b7 PUBLICATIONS","item":"https:\/\/tonobarreiro.com\/publicaciones\/"},{"@type":"ListItem","position":3,"name":"CATALLOGUES"}]},{"@type":"WebSite","@id":"https:\/\/tonobarreiro.com\/#website","url":"https:\/\/tonobarreiro.com\/","name":"To\u00f1o Barreiro","description":"Web de arte de To\u00f1o Barreiro","publisher":{"@id":"https:\/\/tonobarreiro.com\/#\/schema\/person\/2a9518ed3a88b3187edafa357d5eadf9"},"potentialAction":[{"@type":"SearchAction","target":{"@type":"EntryPoint","urlTemplate":"https:\/\/tonobarreiro.com\/?s={search_term_string}"},"query-input":{"@type":"PropertyValueSpecification","valueRequired":true,"valueName":"search_term_string"}}],"inLanguage":"es"},{"@type":["Person","Organization"],"@id":"https:\/\/tonobarreiro.com\/#\/schema\/person\/2a9518ed3a88b3187edafa357d5eadf9","name":"admin2595","image":{"@type":"ImageObject","inLanguage":"es","@id":"https:\/\/tonobarreiro.com\/wp-content\/uploads\/2021\/02\/Foto-oficial-inauguraci.jpg","url":"https:\/\/tonobarreiro.com\/wp-content\/uploads\/2021\/02\/Foto-oficial-inauguraci.jpg","contentUrl":"https:\/\/tonobarreiro.com\/wp-content\/uploads\/2021\/02\/Foto-oficial-inauguraci.jpg","width":1200,"height":1200,"caption":"admin2595"},"logo":{"@id":"https:\/\/tonobarreiro.com\/wp-content\/uploads\/2021\/02\/Foto-oficial-inauguraci.jpg"}}]}},"_links":{"self":[{"href":"https:\/\/tonobarreiro.com\/es\/wp-json\/wp\/v2\/pages\/1187","targetHints":{"allow":["GET"]}}],"collection":[{"href":"https:\/\/tonobarreiro.com\/es\/wp-json\/wp\/v2\/pages"}],"about":[{"href":"https:\/\/tonobarreiro.com\/es\/wp-json\/wp\/v2\/types\/page"}],"author":[{"embeddable":true,"href":"https:\/\/tonobarreiro.com\/es\/wp-json\/wp\/v2\/users\/1"}],"replies":[{"embeddable":true,"href":"https:\/\/tonobarreiro.com\/es\/wp-json\/wp\/v2\/comments?post=1187"}],"version-history":[{"count":98,"href":"https:\/\/tonobarreiro.com\/es\/wp-json\/wp\/v2\/pages\/1187\/revisions"}],"predecessor-version":[{"id":4268,"href":"https:\/\/tonobarreiro.com\/es\/wp-json\/wp\/v2\/pages\/1187\/revisions\/4268"}],"up":[{"embeddable":true,"href":"https:\/\/tonobarreiro.com\/es\/wp-json\/wp\/v2\/pages\/1005"}],"wp:attachment":[{"href":"https:\/\/tonobarreiro.com\/es\/wp-json\/wp\/v2\/media?parent=1187"}],"curies":[{"name":"wp","href":"https:\/\/api.w.org\/{rel}","templated":true}]}}